{"id":42750,"date":"2023-04-24T13:25:17","date_gmt":"2023-04-24T12:25:17","guid":{"rendered":"https:\/\/cardiocheckup.health\/heart-hub\/herzgesunde-ernaehrung\/"},"modified":"2026-02-02T14:33:34","modified_gmt":"2026-02-02T13:33:34","slug":"heart-healthy-diet","status":"publish","type":"page","link":"https:\/\/cardiocheckup.health\/en\/heart-health-knowledge\/heart-healthy-diet\/","title":{"rendered":"Heart-healthy diet"},"content":{"rendered":"","protected":false},"excerpt":{"rendered":"","protected":false},"author":1,"featured_media":0,"parent":8428,"menu_order":0,"comment_status":"closed","ping_status":"closed","template":"","meta":{"_acf_changed":false,"inline_featured_image":false,"footnotes":""},"class_list":["post-42750","page","type-page","status-publish","hentry"],"acf":[],"yoast_head":"<!-- This site is optimized with the Yoast SEO plugin v27.4 - https:\/\/yoast.com\/product\/yoast-seo-wordpress\/ -->\n<title>Herzinfarkt Vorbeugung - Ern\u00e4hrung &amp; Sport | Cardisio<\/title>\n<meta name=\"description\" content=\"Gesunde Lebensmittel f\u00fcr das Herz und Bewegung beugen vor. Doch auch nach einem Herzinfarkt sind Ern\u00e4hrung und Sport wichtig.\" \/>\n<meta name=\"robots\" content=\"index, follow, max-snippet:-1, max-image-preview:large, max-video-preview:-1\" \/>\n<link rel=\"canonical\" href=\"https:\/\/cardiocheckup.health\/en\/heart-health-knowledge\/heart-healthy-diet\/\" \/>\n<meta property=\"og:locale\" content=\"en_US\" \/>\n<meta property=\"og:type\" content=\"article\" \/>\n<meta property=\"og:title\" content=\"Herzinfarkt Vorbeugung - Ern\u00e4hrung &amp; Sport | Cardisio\" \/>\n<meta property=\"og:description\" content=\"Gesunde Lebensmittel f\u00fcr das Herz und Bewegung beugen vor. Doch auch nach einem Herzinfarkt sind Ern\u00e4hrung und Sport wichtig.\" \/>\n<meta property=\"og:url\" content=\"https:\/\/cardiocheckup.health\/en\/heart-health-knowledge\/heart-healthy-diet\/\" \/>\n<meta property=\"og:site_name\" content=\"Cardisio GmbH\" \/>\n<meta property=\"article:modified_time\" content=\"2026-02-02T13:33:34+00:00\" \/>\n<meta name=\"twitter:card\" content=\"summary_large_image\" \/>\n<meta name=\"twitter:label1\" content=\"Est. reading time\" \/>\n\t<meta name=\"twitter:data1\" content=\"20 minutes\" \/>\n<script type=\"application\/ld+json\" class=\"yoast-schema-graph\">{\"@context\":\"https:\\\/\\\/schema.org\",\"@graph\":[{\"@type\":\"WebPage\",\"@id\":\"https:\\\/\\\/cardiocheckup.health\\\/en\\\/heart-health-knowledge\\\/heart-healthy-diet\\\/\",\"url\":\"https:\\\/\\\/cardiocheckup.health\\\/en\\\/heart-health-knowledge\\\/heart-healthy-diet\\\/\",\"name\":\"Herzinfarkt Vorbeugung - Ern\u00e4hrung & Sport | Cardisio\",\"isPartOf\":{\"@id\":\"https:\\\/\\\/cardiocheckup.health\\\/#website\"},\"datePublished\":\"2023-04-24T12:25:17+00:00\",\"dateModified\":\"2026-02-02T13:33:34+00:00\",\"description\":\"Gesunde Lebensmittel f\u00fcr das Herz und Bewegung beugen vor. Doch auch nach einem Herzinfarkt sind Ern\u00e4hrung und Sport wichtig.\",\"breadcrumb\":{\"@id\":\"https:\\\/\\\/cardiocheckup.health\\\/en\\\/heart-health-knowledge\\\/heart-healthy-diet\\\/#breadcrumb\"},\"inLanguage\":\"en-US\",\"potentialAction\":[{\"@type\":\"ReadAction\",\"target\":[\"https:\\\/\\\/cardiocheckup.health\\\/en\\\/heart-health-knowledge\\\/heart-healthy-diet\\\/\"]}]},{\"@type\":\"BreadcrumbList\",\"@id\":\"https:\\\/\\\/cardiocheckup.health\\\/en\\\/heart-health-knowledge\\\/heart-healthy-diet\\\/#breadcrumb\",\"itemListElement\":[{\"@type\":\"ListItem\",\"position\":1,\"name\":\"Startseite\",\"item\":\"https:\\\/\\\/cardiocheckup.health\\\/en\\\/\"},{\"@type\":\"ListItem\",\"position\":2,\"name\":\"Heart Health Knowledge\",\"item\":\"https:\\\/\\\/cardiocheckup.health\\\/en\\\/heart-health-knowledge\\\/\"},{\"@type\":\"ListItem\",\"position\":3,\"name\":\"Heart-healthy diet\"}]},{\"@type\":\"WebSite\",\"@id\":\"https:\\\/\\\/cardiocheckup.health\\\/#website\",\"url\":\"https:\\\/\\\/cardiocheckup.health\\\/\",\"name\":\"Cardisio GmbH\",\"description\":\"Your heart counts\",\"potentialAction\":[{\"@type\":\"SearchAction\",\"target\":{\"@type\":\"EntryPoint\",\"urlTemplate\":\"https:\\\/\\\/cardiocheckup.health\\\/?s={search_term_string}\"},\"query-input\":{\"@type\":\"PropertyValueSpecification\",\"valueRequired\":true,\"valueName\":\"search_term_string\"}}],\"inLanguage\":\"en-US\"}]}<\/script>\n<!-- \/ Yoast SEO plugin. -->","yoast_head_json":{"title":"Herzinfarkt Vorbeugung - Ern\u00e4hrung & Sport | Cardisio","description":"Gesunde Lebensmittel f\u00fcr das Herz und Bewegung beugen vor. Doch auch nach einem Herzinfarkt sind Ern\u00e4hrung und Sport wichtig.","robots":{"index":"index","follow":"follow","max-snippet":"max-snippet:-1","max-image-preview":"max-image-preview:large","max-video-preview":"max-video-preview:-1"},"canonical":"https:\/\/cardiocheckup.health\/en\/heart-health-knowledge\/heart-healthy-diet\/","og_locale":"en_US","og_type":"article","og_title":"Herzinfarkt Vorbeugung - Ern\u00e4hrung & Sport | Cardisio","og_description":"Gesunde Lebensmittel f\u00fcr das Herz und Bewegung beugen vor. Doch auch nach einem Herzinfarkt sind Ern\u00e4hrung und Sport wichtig.","og_url":"https:\/\/cardiocheckup.health\/en\/heart-health-knowledge\/heart-healthy-diet\/","og_site_name":"Cardisio GmbH","article_modified_time":"2026-02-02T13:33:34+00:00","twitter_card":"summary_large_image","twitter_misc":{"Est. reading time":"20 minutes"},"schema":{"@context":"https:\/\/schema.org","@graph":[{"@type":"WebPage","@id":"https:\/\/cardiocheckup.health\/en\/heart-health-knowledge\/heart-healthy-diet\/","url":"https:\/\/cardiocheckup.health\/en\/heart-health-knowledge\/heart-healthy-diet\/","name":"Herzinfarkt Vorbeugung - Ern\u00e4hrung & Sport | Cardisio","isPartOf":{"@id":"https:\/\/cardiocheckup.health\/#website"},"datePublished":"2023-04-24T12:25:17+00:00","dateModified":"2026-02-02T13:33:34+00:00","description":"Gesunde Lebensmittel f\u00fcr das Herz und Bewegung beugen vor. Doch auch nach einem Herzinfarkt sind Ern\u00e4hrung und Sport wichtig.","breadcrumb":{"@id":"https:\/\/cardiocheckup.health\/en\/heart-health-knowledge\/heart-healthy-diet\/#breadcrumb"},"inLanguage":"en-US","potentialAction":[{"@type":"ReadAction","target":["https:\/\/cardiocheckup.health\/en\/heart-health-knowledge\/heart-healthy-diet\/"]}]},{"@type":"BreadcrumbList","@id":"https:\/\/cardiocheckup.health\/en\/heart-health-knowledge\/heart-healthy-diet\/#breadcrumb","itemListElement":[{"@type":"ListItem","position":1,"name":"Startseite","item":"https:\/\/cardiocheckup.health\/en\/"},{"@type":"ListItem","position":2,"name":"Heart Health Knowledge","item":"https:\/\/cardiocheckup.health\/en\/heart-health-knowledge\/"},{"@type":"ListItem","position":3,"name":"Heart-healthy diet"}]},{"@type":"WebSite","@id":"https:\/\/cardiocheckup.health\/#website","url":"https:\/\/cardiocheckup.health\/","name":"Cardisio GmbH","description":"Your heart counts","potentialAction":[{"@type":"SearchAction","target":{"@type":"EntryPoint","urlTemplate":"https:\/\/cardiocheckup.health\/?s={search_term_string}"},"query-input":{"@type":"PropertyValueSpecification","valueRequired":true,"valueName":"search_term_string"}}],"inLanguage":"en-US"}]}},"_links":{"self":[{"href":"https:\/\/cardiocheckup.health\/en\/wp-json\/wp\/v2\/pages\/42750","targetHints":{"allow":["GET"]}}],"collection":[{"href":"https:\/\/cardiocheckup.health\/en\/wp-json\/wp\/v2\/pages"}],"about":[{"href":"https:\/\/cardiocheckup.health\/en\/wp-json\/wp\/v2\/types\/page"}],"author":[{"embeddable":true,"href":"https:\/\/cardiocheckup.health\/en\/wp-json\/wp\/v2\/users\/1"}],"replies":[{"embeddable":true,"href":"https:\/\/cardiocheckup.health\/en\/wp-json\/wp\/v2\/comments?post=42750"}],"version-history":[{"count":3,"href":"https:\/\/cardiocheckup.health\/en\/wp-json\/wp\/v2\/pages\/42750\/revisions"}],"predecessor-version":[{"id":42784,"href":"https:\/\/cardiocheckup.health\/en\/wp-json\/wp\/v2\/pages\/42750\/revisions\/42784"}],"up":[{"embeddable":true,"href":"https:\/\/cardiocheckup.health\/en\/wp-json\/wp\/v2\/pages\/8428"}],"wp:attachment":[{"href":"https:\/\/cardiocheckup.health\/en\/wp-json\/wp\/v2\/media?parent=42750"}],"curies":[{"name":"wp","href":"https:\/\/api.w.org\/{rel}","templated":true}]}}