{"id":35657,"date":"2023-11-30T15:35:16","date_gmt":"2023-11-30T14:35:16","guid":{"rendered":"https:\/\/cardiocheckup.health\/myokarditis\/"},"modified":"2025-08-22T12:00:49","modified_gmt":"2025-08-22T11:00:49","slug":"miocarditis","status":"publish","type":"page","link":"https:\/\/cardiocheckup.health\/es\/conocimientos-sobre-el-corazon\/miocarditis\/","title":{"rendered":"Miocarditis (inflamaci\u00f3n del m\u00fasculo card\u00edaco)"},"content":{"rendered":"","protected":false},"excerpt":{"rendered":"","protected":false},"author":1,"featured_media":0,"parent":35683,"menu_order":0,"comment_status":"closed","ping_status":"closed","template":"","meta":{"_acf_changed":false,"inline_featured_image":false,"footnotes":""},"class_list":["post-35657","page","type-page","status-publish","hentry"],"acf":[],"yoast_head":"<!-- This site is optimized with the Yoast SEO plugin v27.0 - https:\/\/yoast.com\/product\/yoast-seo-wordpress\/ -->\n<title>Myokarditis - Ursachen, Symptome, Arten &amp; Alter | Cardisio<\/title>\n<meta name=\"description\" content=\"Was ist eine Myokarditis? Alle Infos zur Herzmuskelentz\u00fcndung - Ursachen, Symtome und Behandlung\" \/>\n<meta name=\"robots\" content=\"index, follow, max-snippet:-1, max-image-preview:large, max-video-preview:-1\" \/>\n<link rel=\"canonical\" href=\"https:\/\/cardiocheckup.health\/es\/miocarditis\/\" \/>\n<meta property=\"og:locale\" content=\"es_ES\" \/>\n<meta property=\"og:type\" content=\"article\" \/>\n<meta property=\"og:title\" content=\"Myokarditis - Ursachen, Symptome, Arten &amp; Alter | Cardisio\" \/>\n<meta property=\"og:description\" content=\"Was ist eine Myokarditis? Alle Infos zur Herzmuskelentz\u00fcndung - Ursachen, Symtome und Behandlung\" \/>\n<meta property=\"og:url\" content=\"https:\/\/cardiocheckup.health\/es\/miocarditis\/\" \/>\n<meta property=\"og:site_name\" content=\"Cardisio GmbH\" \/>\n<meta property=\"article:modified_time\" content=\"2025-08-22T11:00:49+00:00\" \/>\n<meta name=\"twitter:card\" content=\"summary_large_image\" \/>\n<meta name=\"twitter:label1\" content=\"Tiempo de lectura\" \/>\n\t<meta name=\"twitter:data1\" content=\"10 minutos\" \/>\n<script type=\"application\/ld+json\" class=\"yoast-schema-graph\">{\"@context\":\"https:\/\/schema.org\",\"@graph\":[{\"@type\":\"WebPage\",\"@id\":\"https:\/\/cardiocheckup.health\/es\/miocarditis\/\",\"url\":\"https:\/\/cardiocheckup.health\/es\/miocarditis\/\",\"name\":\"Myokarditis - Ursachen, Symptome, Arten & Alter | Cardisio\",\"isPartOf\":{\"@id\":\"https:\/\/cardiocheckup.health\/#website\"},\"datePublished\":\"2023-11-30T14:35:16+00:00\",\"dateModified\":\"2025-08-22T11:00:49+00:00\",\"description\":\"Was ist eine Myokarditis? Alle Infos zur Herzmuskelentz\u00fcndung - Ursachen, Symtome und Behandlung\",\"breadcrumb\":{\"@id\":\"https:\/\/cardiocheckup.health\/es\/miocarditis\/#breadcrumb\"},\"inLanguage\":\"es\",\"potentialAction\":[{\"@type\":\"ReadAction\",\"target\":[\"https:\/\/cardiocheckup.health\/es\/miocarditis\/\"]}]},{\"@type\":\"BreadcrumbList\",\"@id\":\"https:\/\/cardiocheckup.health\/es\/miocarditis\/#breadcrumb\",\"itemListElement\":[{\"@type\":\"ListItem\",\"position\":1,\"name\":\"Startseite\",\"item\":\"https:\/\/cardiocheckup.health\/es\/\"},{\"@type\":\"ListItem\",\"position\":2,\"name\":\"Miocarditis (inflamaci\u00f3n del m\u00fasculo card\u00edaco)\"}]},{\"@type\":\"WebSite\",\"@id\":\"https:\/\/cardiocheckup.health\/#website\",\"url\":\"https:\/\/cardiocheckup.health\/\",\"name\":\"Cardisio GmbH\",\"description\":\"Your heart counts\",\"potentialAction\":[{\"@type\":\"SearchAction\",\"target\":{\"@type\":\"EntryPoint\",\"urlTemplate\":\"https:\/\/cardiocheckup.health\/?s={search_term_string}\"},\"query-input\":{\"@type\":\"PropertyValueSpecification\",\"valueRequired\":true,\"valueName\":\"search_term_string\"}}],\"inLanguage\":\"es\"}]}<\/script>\n<!-- \/ Yoast SEO plugin. -->","yoast_head_json":{"title":"Myokarditis - Ursachen, Symptome, Arten & Alter | Cardisio","description":"Was ist eine Myokarditis? Alle Infos zur Herzmuskelentz\u00fcndung - Ursachen, Symtome und Behandlung","robots":{"index":"index","follow":"follow","max-snippet":"max-snippet:-1","max-image-preview":"max-image-preview:large","max-video-preview":"max-video-preview:-1"},"canonical":"https:\/\/cardiocheckup.health\/es\/miocarditis\/","og_locale":"es_ES","og_type":"article","og_title":"Myokarditis - Ursachen, Symptome, Arten & Alter | Cardisio","og_description":"Was ist eine Myokarditis? Alle Infos zur Herzmuskelentz\u00fcndung - Ursachen, Symtome und Behandlung","og_url":"https:\/\/cardiocheckup.health\/es\/miocarditis\/","og_site_name":"Cardisio GmbH","article_modified_time":"2025-08-22T11:00:49+00:00","twitter_card":"summary_large_image","twitter_misc":{"Tiempo de lectura":"10 minutos"},"schema":{"@context":"https:\/\/schema.org","@graph":[{"@type":"WebPage","@id":"https:\/\/cardiocheckup.health\/es\/miocarditis\/","url":"https:\/\/cardiocheckup.health\/es\/miocarditis\/","name":"Myokarditis - Ursachen, Symptome, Arten & Alter | Cardisio","isPartOf":{"@id":"https:\/\/cardiocheckup.health\/#website"},"datePublished":"2023-11-30T14:35:16+00:00","dateModified":"2025-08-22T11:00:49+00:00","description":"Was ist eine Myokarditis? Alle Infos zur Herzmuskelentz\u00fcndung - Ursachen, Symtome und Behandlung","breadcrumb":{"@id":"https:\/\/cardiocheckup.health\/es\/miocarditis\/#breadcrumb"},"inLanguage":"es","potentialAction":[{"@type":"ReadAction","target":["https:\/\/cardiocheckup.health\/es\/miocarditis\/"]}]},{"@type":"BreadcrumbList","@id":"https:\/\/cardiocheckup.health\/es\/miocarditis\/#breadcrumb","itemListElement":[{"@type":"ListItem","position":1,"name":"Startseite","item":"https:\/\/cardiocheckup.health\/es\/"},{"@type":"ListItem","position":2,"name":"Miocarditis (inflamaci\u00f3n del m\u00fasculo card\u00edaco)"}]},{"@type":"WebSite","@id":"https:\/\/cardiocheckup.health\/#website","url":"https:\/\/cardiocheckup.health\/","name":"Cardisio GmbH","description":"Your heart counts","potentialAction":[{"@type":"SearchAction","target":{"@type":"EntryPoint","urlTemplate":"https:\/\/cardiocheckup.health\/?s={search_term_string}"},"query-input":{"@type":"PropertyValueSpecification","valueRequired":true,"valueName":"search_term_string"}}],"inLanguage":"es"}]}},"_links":{"self":[{"href":"https:\/\/cardiocheckup.health\/es\/wp-json\/wp\/v2\/pages\/35657","targetHints":{"allow":["GET"]}}],"collection":[{"href":"https:\/\/cardiocheckup.health\/es\/wp-json\/wp\/v2\/pages"}],"about":[{"href":"https:\/\/cardiocheckup.health\/es\/wp-json\/wp\/v2\/types\/page"}],"author":[{"embeddable":true,"href":"https:\/\/cardiocheckup.health\/es\/wp-json\/wp\/v2\/users\/1"}],"replies":[{"embeddable":true,"href":"https:\/\/cardiocheckup.health\/es\/wp-json\/wp\/v2\/comments?post=35657"}],"version-history":[{"count":3,"href":"https:\/\/cardiocheckup.health\/es\/wp-json\/wp\/v2\/pages\/35657\/revisions"}],"predecessor-version":[{"id":35665,"href":"https:\/\/cardiocheckup.health\/es\/wp-json\/wp\/v2\/pages\/35657\/revisions\/35665"}],"up":[{"embeddable":true,"href":"https:\/\/cardiocheckup.health\/es\/wp-json\/wp\/v2\/pages\/35683"}],"wp:attachment":[{"href":"https:\/\/cardiocheckup.health\/es\/wp-json\/wp\/v2\/media?parent=35657"}],"curies":[{"name":"wp","href":"https:\/\/api.w.org\/{rel}","templated":true}]}}