{"id":35691,"date":"2023-05-21T18:50:32","date_gmt":"2023-05-21T17:50:32","guid":{"rendered":"https:\/\/cardiocheckup.health\/praxen-liste\/"},"modified":"2025-08-22T14:11:11","modified_gmt":"2025-08-22T13:11:11","slug":"buscar-proveedores","status":"publish","type":"page","link":"https:\/\/cardiocheckup.health\/es\/buscar-proveedores\/","title":{"rendered":"Buscar proveedores"},"content":{"rendered":"<h1>Cardisiograf\u00eda \u2013 Proveedores de revisiones card\u00edacas<\/h1>\n<p>Aqu\u00ed puede encontrar m\u00e9dicos, consultas y farmacias que ofrecen la cardisiograf\u00eda cerca de usted. \u00a1Reserve hoy mismo su cita personal para un chequeo card\u00edaco y cuide de su coraz\u00f3n!<\/p>\n","protected":false},"excerpt":{"rendered":"<p>Cardisiograf\u00eda \u2013 Proveedores de revisiones card\u00edacas Aqu\u00ed puede encontrar m\u00e9dicos, consultas y farmacias que ofrecen la cardisiograf\u00eda cerca de usted. \u00a1Reserve hoy mismo su cita personal para un chequeo card\u00edaco y cuide de su coraz\u00f3n!<\/p>\n","protected":false},"author":1,"featured_media":0,"parent":0,"menu_order":0,"comment_status":"closed","ping_status":"closed","template":"handlersuche.php","meta":{"_acf_changed":false,"inline_featured_image":false,"footnotes":""},"class_list":["post-35691","page","type-page","status-publish","hentry"],"acf":[],"yoast_head":"<!-- This site is optimized with the Yoast SEO plugin v27.4 - https:\/\/yoast.com\/product\/yoast-seo-wordpress\/ -->\n<title>\u00c4rzte &amp; Praxen f\u00fcr die Herzinfarkt-Vorsorge | Cardisiographie<\/title>\n<meta name=\"description\" content=\"Finden Sie deutschlandweit eine Praxis f\u00fcr die Cardisiographie - die smarte Vorsorgeuntersuchung ohne Belastungs-EKG. Jetzt online buchen!\" \/>\n<meta name=\"robots\" content=\"index, follow, max-snippet:-1, max-image-preview:large, max-video-preview:-1\" \/>\n<link rel=\"canonical\" href=\"https:\/\/cardiocheckup.health\/es\/buscar-proveedores\/\" \/>\n<meta property=\"og:locale\" content=\"es_ES\" \/>\n<meta property=\"og:type\" content=\"article\" \/>\n<meta property=\"og:title\" content=\"\u00c4rzte &amp; Praxen f\u00fcr die Herzinfarkt-Vorsorge | Cardisiographie\" \/>\n<meta property=\"og:description\" content=\"Finden Sie deutschlandweit eine Praxis f\u00fcr die Cardisiographie - die smarte Vorsorgeuntersuchung ohne Belastungs-EKG. Jetzt online buchen!\" \/>\n<meta property=\"og:url\" content=\"https:\/\/cardiocheckup.health\/es\/buscar-proveedores\/\" \/>\n<meta property=\"og:site_name\" content=\"Cardisio GmbH\" \/>\n<meta property=\"article:modified_time\" content=\"2025-08-22T13:11:11+00:00\" \/>\n<meta name=\"twitter:card\" content=\"summary_large_image\" \/>\n<meta name=\"twitter:label1\" content=\"Tiempo de lectura\" \/>\n\t<meta name=\"twitter:data1\" content=\"1 minuto\" \/>\n<script type=\"application\/ld+json\" class=\"yoast-schema-graph\">{\"@context\":\"https:\\\/\\\/schema.org\",\"@graph\":[{\"@type\":\"WebPage\",\"@id\":\"https:\\\/\\\/cardiocheckup.health\\\/es\\\/buscar-proveedores\\\/\",\"url\":\"https:\\\/\\\/cardiocheckup.health\\\/es\\\/buscar-proveedores\\\/\",\"name\":\"\u00c4rzte & Praxen f\u00fcr die Herzinfarkt-Vorsorge | Cardisiographie\",\"isPartOf\":{\"@id\":\"https:\\\/\\\/cardiocheckup.health\\\/#website\"},\"datePublished\":\"2023-05-21T17:50:32+00:00\",\"dateModified\":\"2025-08-22T13:11:11+00:00\",\"description\":\"Finden Sie deutschlandweit eine Praxis f\u00fcr die Cardisiographie - die smarte Vorsorgeuntersuchung ohne Belastungs-EKG. Jetzt online buchen!\",\"breadcrumb\":{\"@id\":\"https:\\\/\\\/cardiocheckup.health\\\/es\\\/buscar-proveedores\\\/#breadcrumb\"},\"inLanguage\":\"es\",\"potentialAction\":[{\"@type\":\"ReadAction\",\"target\":[\"https:\\\/\\\/cardiocheckup.health\\\/es\\\/buscar-proveedores\\\/\"]}]},{\"@type\":\"BreadcrumbList\",\"@id\":\"https:\\\/\\\/cardiocheckup.health\\\/es\\\/buscar-proveedores\\\/#breadcrumb\",\"itemListElement\":[{\"@type\":\"ListItem\",\"position\":1,\"name\":\"Startseite\",\"item\":\"https:\\\/\\\/cardiocheckup.health\\\/es\\\/\"},{\"@type\":\"ListItem\",\"position\":2,\"name\":\"Buscar proveedores\"}]},{\"@type\":\"WebSite\",\"@id\":\"https:\\\/\\\/cardiocheckup.health\\\/#website\",\"url\":\"https:\\\/\\\/cardiocheckup.health\\\/\",\"name\":\"Cardisio GmbH\",\"description\":\"Your heart counts\",\"potentialAction\":[{\"@type\":\"SearchAction\",\"target\":{\"@type\":\"EntryPoint\",\"urlTemplate\":\"https:\\\/\\\/cardiocheckup.health\\\/?s={search_term_string}\"},\"query-input\":{\"@type\":\"PropertyValueSpecification\",\"valueRequired\":true,\"valueName\":\"search_term_string\"}}],\"inLanguage\":\"es\"}]}<\/script>\n<!-- \/ Yoast SEO plugin. -->","yoast_head_json":{"title":"\u00c4rzte & Praxen f\u00fcr die Herzinfarkt-Vorsorge | Cardisiographie","description":"Finden Sie deutschlandweit eine Praxis f\u00fcr die Cardisiographie - die smarte Vorsorgeuntersuchung ohne Belastungs-EKG. Jetzt online buchen!","robots":{"index":"index","follow":"follow","max-snippet":"max-snippet:-1","max-image-preview":"max-image-preview:large","max-video-preview":"max-video-preview:-1"},"canonical":"https:\/\/cardiocheckup.health\/es\/buscar-proveedores\/","og_locale":"es_ES","og_type":"article","og_title":"\u00c4rzte & Praxen f\u00fcr die Herzinfarkt-Vorsorge | Cardisiographie","og_description":"Finden Sie deutschlandweit eine Praxis f\u00fcr die Cardisiographie - die smarte Vorsorgeuntersuchung ohne Belastungs-EKG. Jetzt online buchen!","og_url":"https:\/\/cardiocheckup.health\/es\/buscar-proveedores\/","og_site_name":"Cardisio GmbH","article_modified_time":"2025-08-22T13:11:11+00:00","twitter_card":"summary_large_image","twitter_misc":{"Tiempo de lectura":"1 minuto"},"schema":{"@context":"https:\/\/schema.org","@graph":[{"@type":"WebPage","@id":"https:\/\/cardiocheckup.health\/es\/buscar-proveedores\/","url":"https:\/\/cardiocheckup.health\/es\/buscar-proveedores\/","name":"\u00c4rzte & Praxen f\u00fcr die Herzinfarkt-Vorsorge | Cardisiographie","isPartOf":{"@id":"https:\/\/cardiocheckup.health\/#website"},"datePublished":"2023-05-21T17:50:32+00:00","dateModified":"2025-08-22T13:11:11+00:00","description":"Finden Sie deutschlandweit eine Praxis f\u00fcr die Cardisiographie - die smarte Vorsorgeuntersuchung ohne Belastungs-EKG. Jetzt online buchen!","breadcrumb":{"@id":"https:\/\/cardiocheckup.health\/es\/buscar-proveedores\/#breadcrumb"},"inLanguage":"es","potentialAction":[{"@type":"ReadAction","target":["https:\/\/cardiocheckup.health\/es\/buscar-proveedores\/"]}]},{"@type":"BreadcrumbList","@id":"https:\/\/cardiocheckup.health\/es\/buscar-proveedores\/#breadcrumb","itemListElement":[{"@type":"ListItem","position":1,"name":"Startseite","item":"https:\/\/cardiocheckup.health\/es\/"},{"@type":"ListItem","position":2,"name":"Buscar proveedores"}]},{"@type":"WebSite","@id":"https:\/\/cardiocheckup.health\/#website","url":"https:\/\/cardiocheckup.health\/","name":"Cardisio GmbH","description":"Your heart counts","potentialAction":[{"@type":"SearchAction","target":{"@type":"EntryPoint","urlTemplate":"https:\/\/cardiocheckup.health\/?s={search_term_string}"},"query-input":{"@type":"PropertyValueSpecification","valueRequired":true,"valueName":"search_term_string"}}],"inLanguage":"es"}]}},"_links":{"self":[{"href":"https:\/\/cardiocheckup.health\/es\/wp-json\/wp\/v2\/pages\/35691","targetHints":{"allow":["GET"]}}],"collection":[{"href":"https:\/\/cardiocheckup.health\/es\/wp-json\/wp\/v2\/pages"}],"about":[{"href":"https:\/\/cardiocheckup.health\/es\/wp-json\/wp\/v2\/types\/page"}],"author":[{"embeddable":true,"href":"https:\/\/cardiocheckup.health\/es\/wp-json\/wp\/v2\/users\/1"}],"replies":[{"embeddable":true,"href":"https:\/\/cardiocheckup.health\/es\/wp-json\/wp\/v2\/comments?post=35691"}],"version-history":[{"count":1,"href":"https:\/\/cardiocheckup.health\/es\/wp-json\/wp\/v2\/pages\/35691\/revisions"}],"predecessor-version":[{"id":35692,"href":"https:\/\/cardiocheckup.health\/es\/wp-json\/wp\/v2\/pages\/35691\/revisions\/35692"}],"wp:attachment":[{"href":"https:\/\/cardiocheckup.health\/es\/wp-json\/wp\/v2\/media?parent=35691"}],"curies":[{"name":"wp","href":"https:\/\/api.w.org\/{rel}","templated":true}]}}